{"id":23871,"date":"2025-03-05T16:02:05","date_gmt":"2025-03-05T14:02:05","guid":{"rendered":"https:\/\/caurette.com\/mentions-legales\/"},"modified":"2025-11-27T11:05:45","modified_gmt":"2025-11-27T09:05:45","slug":"mentions-legales","status":"publish","type":"page","link":"https:\/\/caurette.com\/en\/mentions-legales\/","title":{"rendered":"Legal Terms"},"content":{"rendered":"<div class=\"fusion-fullwidth fullwidth-box fusion-builder-row-1 fusion-flex-container has-pattern-background has-mask-background nonhundred-percent-fullwidth non-hundred-percent-height-scrolling\" style=\"--awb-border-radius-top-left:0px;--awb-border-radius-top-right:0px;--awb-border-radius-bottom-right:0px;--awb-border-radius-bottom-left:0px;--awb-flex-wrap:wrap;\" ><div class=\"fusion-builder-row fusion-row fusion-flex-align-items-flex-start fusion-flex-content-wrap\" style=\"max-width:1144px;margin-left: calc(-4% \/ 2 );margin-right: calc(-4% \/ 2 );\"><div class=\"fusion-layout-column fusion_builder_column fusion-builder-column-0 fusion_builder_column_1_1 1_1 fusion-flex-column\" style=\"--awb-bg-size:cover;--awb-width-large:100%;--awb-margin-top-large:0px;--awb-spacing-right-large:1.92%;--awb-margin-bottom-large:20px;--awb-spacing-left-large:1.92%;--awb-width-medium:100%;--awb-order-medium:0;--awb-spacing-right-medium:1.92%;--awb-spacing-left-medium:1.92%;--awb-width-small:100%;--awb-order-small:0;--awb-spacing-right-small:1.92%;--awb-spacing-left-small:1.92%;\"><div class=\"fusion-column-wrapper fusion-column-has-shadow fusion-flex-justify-content-flex-start fusion-content-layout-column\"><div class=\"fusion-text fusion-text-1\"><h1 style=\"text-align: center;\">Legal Terms<\/h1>\n<\/div><div class=\"fusion-text fusion-text-2\"><p style=\"--fontsize: 20; line-height: 1; --minfontsize: 20;\">\u00c9diteur : <span style=\"color: var(--awb-text-color); font-family: var(--awb-text-font-family); font-size: var(--awb-font-size); font-style: var(--awb-text-font-style); font-weight: var(--awb-text-font-weight); letter-spacing: var(--awb-letter-spacing); text-align: var(--awb-content-alignment); text-transform: var(--awb-text-transform); background-color: var(--awb-bg-color-hover);\">Le site <\/span><u style=\"color: var(--awb-text-color); font-family: var(--awb-text-font-family); font-size: var(--awb-font-size); font-style: var(--awb-text-font-style); font-weight: var(--awb-text-font-weight); letter-spacing: var(--awb-letter-spacing); text-align: var(--awb-content-alignment); text-transform: var(--awb-text-transform); background-color: var(--awb-bg-color-hover);\">www.caurette.com<\/u><span style=\"color: var(--awb-text-color); font-family: var(--awb-text-font-family); font-size: var(--awb-font-size); font-style: var(--awb-text-font-style); font-weight: var(--awb-text-font-weight); letter-spacing: var(--awb-letter-spacing); text-align: var(--awb-content-alignment); text-transform: var(--awb-text-transform); background-color: var(--awb-bg-color-hover);\"> est produit et \u00e9dit\u00e9 par \u00c9ditions Caurette-Optima SAS, Soci\u00e9t\u00e9 par actions simplifi\u00e9e au capital de 100 000,00 euros, immatricul\u00e9e au Registre du Commerce et des Soci\u00e9t\u00e9s de Strasbourg, sous le num\u00e9ro 338 735 061, dont le si\u00e8ge social est situ\u00e9 au : 4 route de Hatten, 67470 Buhl, France<\/span><\/p>\n<p>T\u00e9l\u00e9phone : +33 (0)9 52 06 36 04<br \/>\nE-mail : editions@caurette.com<br \/>\nDirecteur de publication : Jean-Christophe Caurette<br \/>\nN\u00b0 individuel de TVA : FR 21 338 735 061<br \/>\nSite h\u00e9berg\u00e9 par la soci\u00e9t\u00e9 OVH France SAS dont le si\u00e8ge social est 2 rue Kellermann &#8211; 59100 Roubaix et le num\u00e9ro de t\u00e9l\u00e9phone est 09 72 10 10 07.<\/p>\n<p style=\"--fontsize: 20; line-height: 1; --minfontsize: 20; color: #141617;\"><b>Propri\u00e9t\u00e9 intellectuelle :<\/b><\/p>\n<p><span style=\"color: #383a33;\">Le site et chacun des \u00e9l\u00e9ments, y compris mais sans limitation les marques, les logos, ic\u00f4nes, infographies, photographies, illustrations qui le composent sont prot\u00e9g\u00e9s au titre de la l\u00e9gislation internationale de la propri\u00e9t\u00e9 intellectuelle. Les contenus figurant sur le site sont la propri\u00e9t\u00e9 exclusi<\/span>ve d\u2019\u00c9ditions Caurette-Optima ou de leurs titulaires respectifs. Toute utilisation ou reproduction, totale ou partielle, du site et des \u00e9l\u00e9ments qui le composent et\/ou des informations qui y figurent, par quelque proc\u00e9d\u00e9 que ce soit, constitue une contrefa\u00e7on sanctionn\u00e9e par le Code de la propri\u00e9t\u00e9 intellectuelle et le Code P\u00e9nal.<\/p>\n<p style=\"--fontsize: 20; line-height: 1; --minfontsize: 20;\"><b>Liens hypertextes :<\/b><\/p>\n<p>Le site peut inclure des liens vers d\u2019autres sites Internet ou d\u2019autres sources Internet. Dans la mesure o\u00f9 \u00c9ditions Caurette-Optima ne peut contr\u00f4ler ces sites et ces sources externes, la soci\u00e9t\u00e9 ne peut \u00eatre tenue pour responsable de la mise \u00e0 disposition de ces sites et sources externes, et ne peut supporter aucune responsabilit\u00e9 quant au contenu, publicit\u00e9s, produits, services ou toute autre information ou donn\u00e9e disponible sur ou \u00e0 partir de ces sites ou sources externes. De plus, la soci\u00e9t\u00e9 ne pourra \u00eatre tenue responsable de tous dommages ou pertes av\u00e9r\u00e9s ou all\u00e9gu\u00e9s cons\u00e9cutifs ou en relation avec l\u2019utilisation ou le fait d\u2019avoir fait confiance au contenu, \u00e0 des biens ou des services disponibles sur ces sites ou sources externes.<\/p>\n<p>Toute cr\u00e9ation de liens vers le site www.caurette.com, tout encadrement (framing) du site, et plus g\u00e9n\u00e9ralement toute utilisation d\u2019un \u00e9l\u00e9ment composant le site, est soumise \u00e0 l\u2019autorisation pr\u00e9alable et expresse des \u00c9ditions Caurette-Optima qui pourra \u00eatre r\u00e9voqu\u00e9e \u00e0 tout moment \u00e0 sa seule discr\u00e9tion. La soci\u00e9t\u00e9 se r\u00e9serve le droit de (i) demander la suppression de tout lien vers le site qui n\u2019aurait pas \u00e9t\u00e9, ou ne serait plus, autoris\u00e9 et de (ii) demander des dommages et int\u00e9r\u00eats en r\u00e9paration du pr\u00e9judice subi de ce fait.<\/p>\n<p>Aucune mise en ligne du site par un tiers sous une autre URL n\u2019est autoris\u00e9e (interdiction de mirroring).<\/p>\n<p>Version en vigueur \u00e0 compter du 05\/03\/2025<\/p>\n<\/div><\/div><\/div><\/div><\/div>\n","protected":false},"excerpt":{"rendered":"","protected":false},"author":75,"featured_media":0,"parent":0,"menu_order":0,"comment_status":"closed","ping_status":"closed","template":"100-width.php","meta":{"_exactmetrics_skip_tracking":false,"_exactmetrics_sitenote_active":false,"_exactmetrics_sitenote_note":"","_exactmetrics_sitenote_category":0,"footnotes":"","_links_to":"","_links_to_target":""},"class_list":["post-23871","page","type-page","status-publish","hentry"],"yoast_head":"<!-- This site is optimized with the Yoast SEO plugin v23.1 - https:\/\/yoast.com\/wordpress\/plugins\/seo\/ -->\n<title>Legal Terms - Editions Caurette<\/title>\n<meta name=\"robots\" content=\"index, follow, max-snippet:-1, max-image-preview:large, max-video-preview:-1\" \/>\n<link rel=\"canonical\" href=\"https:\/\/caurette.com\/en\/mentions-legales\/\" \/>\n<meta property=\"og:locale\" content=\"en_US\" \/>\n<meta property=\"og:type\" content=\"article\" \/>\n<meta property=\"og:title\" content=\"Legal Terms - Editions Caurette\" \/>\n<meta property=\"og:url\" content=\"https:\/\/caurette.com\/en\/mentions-legales\/\" \/>\n<meta property=\"og:site_name\" content=\"Editions Caurette\" \/>\n<meta property=\"article:publisher\" content=\"https:\/\/www.facebook.com\/editionscaurette\/\" \/>\n<meta property=\"article:modified_time\" content=\"2025-11-27T09:05:45+00:00\" \/>\n<meta name=\"twitter:card\" content=\"summary_large_image\" \/>\n<meta name=\"twitter:label1\" content=\"Est. reading time\" \/>\n\t<meta name=\"twitter:data1\" content=\"5 minutes\" \/>\n<script type=\"application\/ld+json\" class=\"yoast-schema-graph\">{\"@context\":\"https:\/\/schema.org\",\"@graph\":[{\"@type\":\"WebPage\",\"@id\":\"https:\/\/caurette.com\/en\/mentions-legales\/\",\"url\":\"https:\/\/caurette.com\/en\/mentions-legales\/\",\"name\":\"Legal Terms - Editions Caurette\",\"isPartOf\":{\"@id\":\"https:\/\/caurette.com\/#website\"},\"datePublished\":\"2025-03-05T14:02:05+00:00\",\"dateModified\":\"2025-11-27T09:05:45+00:00\",\"breadcrumb\":{\"@id\":\"https:\/\/caurette.com\/en\/mentions-legales\/#breadcrumb\"},\"inLanguage\":\"en-US\",\"potentialAction\":[{\"@type\":\"ReadAction\",\"target\":[\"https:\/\/caurette.com\/en\/mentions-legales\/\"]}]},{\"@type\":\"BreadcrumbList\",\"@id\":\"https:\/\/caurette.com\/en\/mentions-legales\/#breadcrumb\",\"itemListElement\":[{\"@type\":\"ListItem\",\"position\":1,\"name\":\"Accueil\",\"item\":\"https:\/\/caurette.com\/en\/home-page\/\"},{\"@type\":\"ListItem\",\"position\":2,\"name\":\"Legal Terms\"}]},{\"@type\":\"WebSite\",\"@id\":\"https:\/\/caurette.com\/#website\",\"url\":\"https:\/\/caurette.com\/\",\"name\":\"Editions Caurette\",\"description\":\"Artbooks and More\",\"publisher\":{\"@id\":\"https:\/\/caurette.com\/#organization\"},\"potentialAction\":[{\"@type\":\"SearchAction\",\"target\":{\"@type\":\"EntryPoint\",\"urlTemplate\":\"https:\/\/caurette.com\/?s={search_term_string}\"},\"query-input\":\"required name=search_term_string\"}],\"inLanguage\":\"en-US\"},{\"@type\":\"Organization\",\"@id\":\"https:\/\/caurette.com\/#organization\",\"name\":\"Caurette\",\"url\":\"https:\/\/caurette.com\/\",\"logo\":{\"@type\":\"ImageObject\",\"inLanguage\":\"en-US\",\"@id\":\"https:\/\/caurette.com\/#\/schema\/logo\/image\/\",\"url\":\"https:\/\/i0.wp.com\/caurette.com\/wp-content\/uploads\/2020\/04\/Editions-CAURETTE-400px.jpg?fit=400%2C114&ssl=1\",\"contentUrl\":\"https:\/\/i0.wp.com\/caurette.com\/wp-content\/uploads\/2020\/04\/Editions-CAURETTE-400px.jpg?fit=400%2C114&ssl=1\",\"width\":400,\"height\":114,\"caption\":\"Caurette\"},\"image\":{\"@id\":\"https:\/\/caurette.com\/#\/schema\/logo\/image\/\"},\"sameAs\":[\"https:\/\/www.facebook.com\/editionscaurette\/\",\"https:\/\/www.instagram.com\/caurette_editions\/\",\"https:\/\/www.youtube.com\/channel\/UCEh0GFzGyytmiArDqUpJFzA\/featured\"]}]}<\/script>\n<!-- \/ Yoast SEO plugin. -->","yoast_head_json":{"title":"Legal Terms - Editions Caurette","robots":{"index":"index","follow":"follow","max-snippet":"max-snippet:-1","max-image-preview":"max-image-preview:large","max-video-preview":"max-video-preview:-1"},"canonical":"https:\/\/caurette.com\/en\/mentions-legales\/","og_locale":"en_US","og_type":"article","og_title":"Legal Terms - Editions Caurette","og_url":"https:\/\/caurette.com\/en\/mentions-legales\/","og_site_name":"Editions Caurette","article_publisher":"https:\/\/www.facebook.com\/editionscaurette\/","article_modified_time":"2025-11-27T09:05:45+00:00","twitter_card":"summary_large_image","twitter_misc":{"Est. reading time":"5 minutes"},"schema":{"@context":"https:\/\/schema.org","@graph":[{"@type":"WebPage","@id":"https:\/\/caurette.com\/en\/mentions-legales\/","url":"https:\/\/caurette.com\/en\/mentions-legales\/","name":"Legal Terms - Editions Caurette","isPartOf":{"@id":"https:\/\/caurette.com\/#website"},"datePublished":"2025-03-05T14:02:05+00:00","dateModified":"2025-11-27T09:05:45+00:00","breadcrumb":{"@id":"https:\/\/caurette.com\/en\/mentions-legales\/#breadcrumb"},"inLanguage":"en-US","potentialAction":[{"@type":"ReadAction","target":["https:\/\/caurette.com\/en\/mentions-legales\/"]}]},{"@type":"BreadcrumbList","@id":"https:\/\/caurette.com\/en\/mentions-legales\/#breadcrumb","itemListElement":[{"@type":"ListItem","position":1,"name":"Accueil","item":"https:\/\/caurette.com\/en\/home-page\/"},{"@type":"ListItem","position":2,"name":"Legal Terms"}]},{"@type":"WebSite","@id":"https:\/\/caurette.com\/#website","url":"https:\/\/caurette.com\/","name":"Editions Caurette","description":"Artbooks and More","publisher":{"@id":"https:\/\/caurette.com\/#organization"},"potentialAction":[{"@type":"SearchAction","target":{"@type":"EntryPoint","urlTemplate":"https:\/\/caurette.com\/?s={search_term_string}"},"query-input":"required name=search_term_string"}],"inLanguage":"en-US"},{"@type":"Organization","@id":"https:\/\/caurette.com\/#organization","name":"Caurette","url":"https:\/\/caurette.com\/","logo":{"@type":"ImageObject","inLanguage":"en-US","@id":"https:\/\/caurette.com\/#\/schema\/logo\/image\/","url":"https:\/\/i0.wp.com\/caurette.com\/wp-content\/uploads\/2020\/04\/Editions-CAURETTE-400px.jpg?fit=400%2C114&ssl=1","contentUrl":"https:\/\/i0.wp.com\/caurette.com\/wp-content\/uploads\/2020\/04\/Editions-CAURETTE-400px.jpg?fit=400%2C114&ssl=1","width":400,"height":114,"caption":"Caurette"},"image":{"@id":"https:\/\/caurette.com\/#\/schema\/logo\/image\/"},"sameAs":["https:\/\/www.facebook.com\/editionscaurette\/","https:\/\/www.instagram.com\/caurette_editions\/","https:\/\/www.youtube.com\/channel\/UCEh0GFzGyytmiArDqUpJFzA\/featured"]}]}},"_links":{"self":[{"href":"https:\/\/caurette.com\/en\/wp-json\/wp\/v2\/pages\/23871","targetHints":{"allow":["GET"]}}],"collection":[{"href":"https:\/\/caurette.com\/en\/wp-json\/wp\/v2\/pages"}],"about":[{"href":"https:\/\/caurette.com\/en\/wp-json\/wp\/v2\/types\/page"}],"author":[{"embeddable":true,"href":"https:\/\/caurette.com\/en\/wp-json\/wp\/v2\/users\/75"}],"replies":[{"embeddable":true,"href":"https:\/\/caurette.com\/en\/wp-json\/wp\/v2\/comments?post=23871"}],"version-history":[{"count":1,"href":"https:\/\/caurette.com\/en\/wp-json\/wp\/v2\/pages\/23871\/revisions"}],"predecessor-version":[{"id":26943,"href":"https:\/\/caurette.com\/en\/wp-json\/wp\/v2\/pages\/23871\/revisions\/26943"}],"wp:attachment":[{"href":"https:\/\/caurette.com\/en\/wp-json\/wp\/v2\/media?parent=23871"}],"curies":[{"name":"wp","href":"https:\/\/api.w.org\/{rel}","templated":true}]}}