{"id":23874,"date":"2025-03-05T16:03:33","date_gmt":"2025-03-05T14:03:33","guid":{"rendered":"https:\/\/caurette.com\/politique-de-confidentialite\/"},"modified":"2025-11-27T11:05:45","modified_gmt":"2025-11-27T09:05:45","slug":"politique-de-confidentialite","status":"publish","type":"page","link":"https:\/\/caurette.com\/en\/politique-de-confidentialite\/","title":{"rendered":"Privacy Policy"},"content":{"rendered":"<div class=\"fusion-fullwidth fullwidth-box fusion-builder-row-1 fusion-flex-container has-pattern-background has-mask-background nonhundred-percent-fullwidth non-hundred-percent-height-scrolling\" style=\"--awb-border-radius-top-left:0px;--awb-border-radius-top-right:0px;--awb-border-radius-bottom-right:0px;--awb-border-radius-bottom-left:0px;--awb-flex-wrap:wrap;\" ><div class=\"fusion-builder-row fusion-row fusion-flex-align-items-flex-start fusion-flex-content-wrap\" style=\"max-width:1144px;margin-left: calc(-4% \/ 2 );margin-right: calc(-4% \/ 2 );\"><div class=\"fusion-layout-column fusion_builder_column fusion-builder-column-0 fusion_builder_column_1_1 1_1 fusion-flex-column\" style=\"--awb-bg-size:cover;--awb-width-large:100%;--awb-margin-top-large:0px;--awb-spacing-right-large:1.92%;--awb-margin-bottom-large:20px;--awb-spacing-left-large:1.92%;--awb-width-medium:100%;--awb-order-medium:0;--awb-spacing-right-medium:1.92%;--awb-spacing-left-medium:1.92%;--awb-width-small:100%;--awb-order-small:0;--awb-spacing-right-small:1.92%;--awb-spacing-left-small:1.92%;\"><div class=\"fusion-column-wrapper fusion-column-has-shadow fusion-flex-justify-content-flex-start fusion-content-layout-column\"><div class=\"fusion-text fusion-text-1\"><h1 class=\"fusion-responsive-typography-calculated\" style=\"text-align: center; --fontsize: 40; line-height: 1;\" data-fontsize=\"40\" data-lineheight=\"40px\">Privacy policy<\/h1>\n<\/div><div class=\"fusion-text fusion-text-2\"><p><strong>Les \u00c9ditions Caurette<\/strong> (ci-apr\u00e8s \u00ab Caurette \u00bb ou \u00ab Nous \u00bb) accorde une grande importance \u00e0 la s\u00e9curit\u00e9 de vos donn\u00e9es personnelles.<\/p>\n<p>En effet, dans le cadre de ses activit\u00e9s et afin de vous fournir les meilleurs services, Caurette, \u00e0 travers son site vitrine disponible \u00e0 l\u2019adresse <strong>www.caurette.com<\/strong>, est tenu de traiter les informations qui vous identifient, dites &#8221; donn\u00e9es personnelles &#8220;. En tant que responsable du traitement, Caurette s&#8217;assure que vos donn\u00e9es sont trait\u00e9es conform\u00e9ment \u00e0 la l\u00e9gislation applicable en mati\u00e8re de protection des donn\u00e9es personnelles.<\/p>\n<p>La pr\u00e9sente politique d\u00e9crit la mani\u00e8re dont Caurette collecte, utilise, partage, prot\u00e8ge et stocke vos donn\u00e9es personnelles et d\u00e9crit les droits dont vous disposez.<\/p>\n<p>Si vous avez des questions concernant l&#8217;utilisation de vos donn\u00e9es personnelles ou notre politique de confidentialit\u00e9, ou si vous souhaitez exercer l&#8217;un de vos droits, nous vous invitons \u00e0 nous contacter en envoyant un e-mail \u00e0 <strong>legal@caurette.com<\/strong> ou en nous \u00e9crivant \u00e0 :<\/p>\n<div style=\"text-align: center;\"><strong style=\"color: var(--awb-text-color); font-family: var(--awb-text-font-family); font-size: var(--awb-font-size); font-style: var(--awb-text-font-style); letter-spacing: var(--awb-letter-spacing); text-align: var(--awb-content-alignment); text-transform: var(--awb-text-transform); background-color: var(--awb-bg-color);\">\u00c9ditions Caurette<\/strong><\/div>\n<div style=\"text-align: center;\"><strong style=\"color: var(--awb-text-color); font-family: var(--awb-text-font-family); font-size: var(--awb-font-size); font-style: var(--awb-text-font-style); letter-spacing: var(--awb-letter-spacing); text-align: var(--awb-content-alignment); text-transform: var(--awb-text-transform); background-color: var(--awb-bg-color);\">4 route de Hatten<\/strong><\/div>\n<div style=\"text-align: center;\"><strong style=\"color: var(--awb-text-color); font-family: var(--awb-text-font-family); font-size: var(--awb-font-size); font-style: var(--awb-text-font-style); letter-spacing: var(--awb-letter-spacing); text-align: var(--awb-content-alignment); text-transform: var(--awb-text-transform); background-color: var(--awb-bg-color);\">67470 Buhl, FRANCE<\/strong><\/div>\n<ol>\n<li><strong>Quels sont les r\u00f4les et responsabilit\u00e9s de Caurette au regard du traitement de vos donn\u00e9es personnelles ?<\/strong><\/li>\n<\/ol>\n<p>Le responsable de traitement de vos donn\u00e9es personnelles est la soci\u00e9t\u00e9 \u00c9ditions Caurette-Optima SAS, soci\u00e9t\u00e9 par actions simplifi\u00e9e au capital de 100 000,00 euros, immatricul\u00e9e au Registre du Commerce et des Soci\u00e9t\u00e9s de Strasbourg, sous le SIREN 338 735 061, dont le si\u00e8ge social est situ\u00e9 au 4 route de Hatten, 67470 Buhl, France.<\/p>\n<ol start=\"2\">\n<li><strong>Quelle sont les donn\u00e9es que nous collectons ?<\/strong><\/li>\n<\/ol>\n<p>Pour vous inscrire \u00e0 notre newsletter ou nous contacter directement par mail, <strong>Caurette <\/strong>a besoin de collecter et de traiter certaines informations vous concernant. Ces donn\u00e9es comprennent <strong>votre nom, votre pr\u00e9nom, votre adresse-mail, <\/strong>et toute autre information que vous souhaitez partager avec nous.<\/p>\n<p>Il est \u00e0 noter que vous avez le choix quant aux donn\u00e9es que Caurette recueille. Lorsque Caurette vous demande de fournir des donn\u00e9es personnelles, vous pouvez refuser. Cependant, si vous choisissez de ne pas fournir les donn\u00e9es n\u00e9cessaires \u00e0 la fourniture du service, Caurette ne pourra pas \u00eatre en mesure de fournir le service.<\/p>\n<ol start=\"3\">\n<li><strong>Comment collectons-nous les donn\u00e9es ?<\/strong><\/li>\n<\/ol>\n<p><em>Informations que vous nous fournissez directement <\/em><\/p>\n<p>Selon les diff\u00e9rents contacts que nous avons avec vous, il se peut que l&#8217;on vous demande de nous fournir des informations vous concernant. Ces renseignements sont recueillis lors de votre<strong> abonnement \u00e0 la newsletter <\/strong>ou lors d\u2019une<strong> demande via notre adresse e-mail de contact.<\/strong><\/p>\n<p><em>Informations que nous collectons automatiquement <\/em><\/p>\n<p>Lors de chaque visite sur notre site web, nous recueillons automatiquement des informations sur votre navigation.<\/p>\n<p>Nous utilisons des cookies <strong>n\u00e9cessaires (\u00ab techniques \u00bb)<\/strong> afin d\u2019assurer la fonctionnalit\u00e9 du site web. Le site ne peut fonctionner correctement sans ces cookies, c\u2019est pourquoi il n\u2019est pas possible pour l\u2019utilisateur de les refuser.<\/p>\n<p>Nous utilisons \u00e9galement des cookies <strong>analytiques<\/strong> pour analyser le trafic sur notre site web en recueillant des informations de mani\u00e8re anonyme. Les donn\u00e9es recueillies lors de l&#8217;utilisation des cookies permettent \u00e0 Caurette d&#8217;am\u00e9liorer les performances du site. Vous avez le droit, \u00e0 tout moment, de vous opposer aux cookies analytiques en modifiant les param\u00e8tres.<\/p>\n<p>Notre site contient des<strong> liens de partage vers Facebook, Twitter et YouTube <\/strong>et autres r\u00e9seaux sociaux similaires, qui vous permettent de partager des contenus de notre site avec d\u2019autres personnes ou de faire connaitre \u00e0 ces autres personnes votre consultation ou votre opinion concernant un contenu du site. Ces cookies sont directement d\u00e9pos\u00e9s par ces r\u00e9seaux sociaux tel est, notamment, le cas des boutons \u00ab partager \u00bb. En effet, ce type de bouton applicatif peut permettre au r\u00e9seau social concern\u00e9 de suivre votre navigation sur notre site, du seul fait que votre compte sur le r\u00e9seau social concern\u00e9 \u00e9tait activ\u00e9 sur votre Terminal (session ouverte) durant votre navigation sur notre site. Nous n&#8217;avons aucun contr\u00f4le sur le processus employ\u00e9 par les r\u00e9seaux sociaux pour collecter des informations relatives \u00e0 votre navigation sur notre site. Nous vous invitons \u00e0 consulter les politiques de protection de la vie priv\u00e9e de ces r\u00e9seaux sociaux afin de prendre connaissance des finalit\u00e9s d&#8217;utilisation, notamment publicitaires, des informations de navigation qu&#8217;ils peuvent recueillir gr\u00e2ce \u00e0 ces boutons applicatifs.<\/p>\n<ol start=\"4\">\n<li><strong>Pour quelles finalit\u00e9s utilisons-nous vos donn\u00e9es ? <\/strong><\/li>\n<\/ol>\n<p>Pour que le traitement de vos donn\u00e9es soit conforme et licite \u00e0 la r\u00e9glementation sur la protection des donn\u00e9es personnelles, chaque traitement doit \u00eatre justifi\u00e9 par une finalit\u00e9 d\u00e9termin\u00e9e.<\/p>\n<p><strong>Caurette <\/strong>traite vos donn\u00e9es afin d\u2019assurer votre <strong>abonnement \u00e0 la newsletter<\/strong> et de r\u00e9pondre \u00e0 vos<strong> demandes envoy\u00e9es via l\u2019adresse e-mail de contact.<\/strong><\/p>\n<ol start=\"5\">\n<li><strong>Comment prot\u00e9geons-nous vos donn\u00e9es ?<\/strong><\/li>\n<\/ol>\n<p>Vos donn\u00e9es personnelles sont prot\u00e9g\u00e9es par des mesures techniques et organisationnelles conformes aux exigences l\u00e9gales et r\u00e8glementaires fran\u00e7aises et europ\u00e9ennes, permettant d&#8217;assurer leur s\u00e9curit\u00e9 et leur confidentialit\u00e9<strong>. <\/strong><\/p>\n<p>Ainsi, <strong>Caurette<\/strong> assure la <strong>protection de vos donn\u00e9es<\/strong> contre la destruction accidentelle ou illicite, la perte accidentelle, la modification, la divulgation ou l&#8217;acc\u00e8s non autoris\u00e9 ainsi que toute autre forme de traitement illicite.<\/p>\n<p>Caurette s&#8217;assure, aux termes d&#8217;engagements \u00e9crits, que ses prestataires et sous-traitants pr\u00e9sentent des garanties et mettent en \u0153uvre des mesures de s\u00e9curit\u00e9 suffisantes pour assurer la protection des donn\u00e9es personnelles dont le traitement leur est confi\u00e9 conform\u00e9ment aux exigences de la l\u00e9gislation en mati\u00e8re de protection des donn\u00e9es personnelles.<\/p>\n<ol start=\"6\">\n<li><strong>Combien de temps conservons-nous vos donn\u00e9es ?<\/strong><\/li>\n<\/ol>\n<p>Caurette se r\u00e9serve le droit de conserver vos donn\u00e9es pour une p\u00e9riode n&#8217;exc\u00e9dant pas (i) la p\u00e9riode n\u00e9cessaire \u00e0 la r\u00e9alisation des finalit\u00e9s pour lesquelles nous les avons collect\u00e9es, (ii) la p\u00e9riode n\u00e9cessaire pour respecter les obligations l\u00e9gales, ou (iii) la p\u00e9riode requise ou permise par la loi.<\/p>\n<ol start=\"7\">\n<li><strong>Vos donn\u00e9es sont-elles transf\u00e9r\u00e9es \u00e0 des tiers ?<\/strong><\/li>\n<\/ol>\n<p>Caurette ne transmet pas \u00e0 des tiers les donn\u00e9es recueillies.<\/p>\n<p>Cependant, si jamais Caurette est amen\u00e9e \u00e0 transf\u00e9rer vos donn\u00e9es personnelles \u00e0 des tiers, Caurette s&#8217;assurera que des mesures de s\u00e9curit\u00e9 appropri\u00e9es soient mises en place pour prot\u00e9ger vos donn\u00e9es personnelles. De plus, Caurette s\u2019assure de ne traiter vos donn\u00e9es qu&#8217;avec des sous-traitants qui, dans le cadre de l&#8217;ex\u00e9cution de leurs services, traitent vos donn\u00e9es personnelles conform\u00e9ment \u00e0 nos instructions et \u00e0 la l\u00e9gislation applicable.<\/p>\n<ol start=\"8\">\n<li><strong>Vos donn\u00e9es sont-elles transf\u00e9r\u00e9es en dehors de l\u2019Espace Economique Europ\u00e9en ?<\/strong><\/li>\n<\/ol>\n<p>Caurette ne transf\u00e8re pas vos donn\u00e9es en dehors des \u00c9tats membres de l\u2019Espace \u00c9conomique Europ\u00e9en.<\/p>\n<ol start=\"9\">\n<li><strong>Quels sont vos droits ?<\/strong><\/li>\n<\/ol>\n<p>Caurette s&#8217;engage \u00e0 faciliter l&#8217;exercice de vos droits, lorsque cela est techniquement et l\u00e9galement possible. Nous nous efforcerons de r\u00e9pondre \u00e0 votre demande dans les meilleurs d\u00e9lais et en tout \u00e9tat de cause dans les d\u00e9lais pr\u00e9vus par les exigences l\u00e9gales et r\u00e8glementaires fran\u00e7aises et europ\u00e9ennes.<\/p>\n<p>Nous pouvons vous demander de nous fournir plus d&#8217;informations pour r\u00e9pondre \u00e0 votre demande et\/ou pour v\u00e9rifier votre identit\u00e9.<\/p>\n<p>Vous disposez des droits suivants :<\/p>\n<p>&#8211; <strong><em>Droit d&#8217;acc\u00e8s \u00e0 vos donn\u00e9es personnelles<\/em><\/strong> : vous avez le droit de nous demander des informations sur les donn\u00e9es que nous traitons.<\/p>\n<p>&#8211; <strong><em>Droit de rectification<\/em><\/strong> : si les donn\u00e9es que nous d\u00e9tenons, collectons et traitons vous concernant sont inexactes ou incompl\u00e8tes, vous avez le droit de les mettre \u00e0 jour \u00e0 tout moment en nous \u00e9crivant \u00e0 l\u2019email suivant : editions@caurette.com<\/p>\n<p>&#8211; <strong><em>Droit de retirer votre consentement<\/em><\/strong> : si vous ne souhaitez plus recevoir notre newsletter ou l\u2019utilisation de cookies, vous avez le droit de retirer votre consentement \u00e0 tout moment.<\/p>\n<p>&#8211; <strong><em>Droit d&#8217;effacement (&#8220;droit d&#8217;oubli&#8221;)<\/em><\/strong> : vous pouvez \u00e9galement demander l&#8217;effacement de vos donn\u00e9es personnelles dans les cas suivants :<\/p>\n<ul>\n<li>Vous consid\u00e9rez que le traitement de vos donn\u00e9es n&#8217;est plus n\u00e9cessaire au regard des Services souscrits ou de votre utilisation du site, ou la r\u00e9alisation des finalit\u00e9s vis\u00e9es dans cette politique ou que leur conservation est contraire \u00e0 la loi ;<\/li>\n<li>Vous avez retir\u00e9 votre consentement au traitement de vos donn\u00e9es (voir ci-dessus) ;<\/li>\n<li>Vous vous opposez \u00e0 l&#8217;utilisation de vos donn\u00e9es \u00e0 des fins de prospection commerciale ;<\/li>\n<li>Vos donn\u00e9es ont \u00e9t\u00e9 collect\u00e9es en ligne alors que vous \u00e9tiez mineur.<\/li>\n<\/ul>\n<p>Vous pouvez alternativement, dans les limites pr\u00e9vues par la loi, demander la limitation du traitement de vos donn\u00e9es personnelles.<\/p>\n<p>Veuillez noter que nonobstant l&#8217;exercice de votre droit \u00e0 l&#8217;effacement ou \u00e0 limitation, nous sommes susceptibles de conserver certaines donn\u00e9es personnelles vous concernant lorsque la loi nous l&#8217;impose ou l&#8217;autorise, lorsque nous avons un motif l\u00e9gitime de le faire (par exemple pour nous permettre de justifier de l&#8217;ex\u00e9cution d&#8217;un contrat), pour l&#8217;exercice ou la d\u00e9fense de droits en justice ou encore lorsque l&#8217;exercice de ce droit porte atteinte au droit \u00e0 la libert\u00e9 d&#8217;expression et d&#8217;information.<\/p>\n<p>&#8211; <strong><em>Droit \u00e0 la limitation du traitement<\/em><\/strong> : si vous contestez l\u2019exactitude des donn\u00e9es utilis\u00e9es par la soci\u00e9t\u00e9 ou que vous contestez la lic\u00e9it\u00e9 du traitement, vous avez le droit de vous opposer \u00e0 leur effacement et d\u2019exiger \u00e0 la place la limitation de leur utilisation.<\/p>\n<p>Dans le cas o\u00f9 Caurette n\u2019a plus besoin de vos donn\u00e9es pour lesdites finalit\u00e9s et voudrait les supprimer, vous avez le droit de demander la limitation de suppression de certaines donn\u00e9es lorsque celles-ci sont encore n\u00e9cessaires pour l\u2019exercice de droits en justice.<\/p>\n<p>&#8211; <strong><em>Droit d&#8217;opposition<\/em><\/strong> : vous pouvez \u00e0 tout moment vous opposer \u00e0 l&#8217;utilisation de certaines de vos donn\u00e9es personnelles pour des raisons li\u00e9es \u00e0 votre situation particuli\u00e8re. Nous examinerons votre objection et nous nous y conformerons, sauf si nous avons une raison l\u00e9gitime imp\u00e9rieuse ou pour des raisons de d\u00e9fense des droits l\u00e9gaux. Toutefois, en mati\u00e8re de prospection commerciale, vous pouvez vous opposer sans raison.<\/p>\n<ol start=\"10\">\n<li><strong>Quelles proc\u00e9dures adoptons-nous en cas de violation de vos donn\u00e9es ?<\/strong><\/li>\n<\/ol>\n<p>Caurette s&#8217;engage \u00e0 notifier la violation de vos donn\u00e9es \u00e0 l&#8217;autorit\u00e9 de contr\u00f4le comp\u00e9tente dans les meilleurs d\u00e9lais et, si possible, au plus tard 72 heures apr\u00e8s en avoir pris connaissance, \u00e0 moins que la violation en question ne soit pas susceptible de constituer un risque pour vos droits et libert\u00e9s.<\/p>\n<p>Nous vous informerons directement de toute violation de vos donn\u00e9es personnelles par Caurette, ses sous-traitants ou tout autre tiers agissant pour le compte de la soci\u00e9t\u00e9, sans retard injustifi\u00e9, uniquement lorsque la violation des donn\u00e9es est susceptible d&#8217;entra\u00eener un risque \u00e9lev\u00e9 pour vos droits et libert\u00e9s.<\/p>\n<ol start=\"11\">\n<li><strong>Qu\u2019en est-il des liens vers des sites tiers sur notre site internet?<\/strong><\/li>\n<\/ol>\n<p>Veuillez noter que www.caurette.com contient parfois des liens vers d&#8217;autres qui ne sont pas r\u00e9gis par cette politique de confidentialit\u00e9. Ces liens ont pour but de diriger nos utilisateurs vers des sites tiers pour plus d&#8217;informations ou pour partager des articles sur les r\u00e9seaux sociaux. Caurette ne fait aucune repr\u00e9sentation ou garantie quant \u00e0 la mani\u00e8re dont les donn\u00e9es des utilisateurs sont stock\u00e9es ou utilis\u00e9es sur des serveurs tiers. Nous vous recommandons de consulter la politique de confidentialit\u00e9 de chaque site tiers li\u00e9 afin de d\u00e9terminer leur utilisation et la protection de vos donn\u00e9es personnelles.<\/p>\n<ol start=\"12\">\n<li><strong>Cette politique est-elle susceptible d\u2019\u00eatre modifi\u00e9e ?<\/strong><\/li>\n<\/ol>\n<p>Nous sommes susceptibles de <strong>modifier occasionnellement<\/strong> la pr\u00e9sente politique. Le cas \u00e9ch\u00e9ant, nous vous en informerons en modifiant la date situ\u00e9e en bas de la pr\u00e9sente politique. Nous vous encourageons \u00e0 consulter la pr\u00e9sente politique de confidentialit\u00e9 d\u00e8s que vous interagissez avec nous pour rester inform\u00e9s de nos pratiques en mati\u00e8re de protection des donn\u00e9es personnelles, et rester inform\u00e9s sur les m\u00e9thodes que vous pouvez utiliser pour contr\u00f4ler l&#8217;usage de vos donn\u00e9es personnelles et prot\u00e9ger votre vie priv\u00e9e.<\/p>\n<p>Version en vigueur \u00e0 compter du 05\/03\/2025<\/p>\n<\/div><\/div><\/div><\/div><\/div>\n","protected":false},"excerpt":{"rendered":"","protected":false},"author":75,"featured_media":0,"parent":0,"menu_order":0,"comment_status":"closed","ping_status":"closed","template":"100-width.php","meta":{"_exactmetrics_skip_tracking":false,"_exactmetrics_sitenote_active":false,"_exactmetrics_sitenote_note":"","_exactmetrics_sitenote_category":0,"footnotes":"","_links_to":"","_links_to_target":""},"class_list":["post-23874","page","type-page","status-publish","hentry"],"yoast_head":"<!-- This site is optimized with the Yoast SEO plugin v23.1 - https:\/\/yoast.com\/wordpress\/plugins\/seo\/ -->\n<title>Privacy Policy - Editions Caurette<\/title>\n<meta name=\"robots\" content=\"index, follow, max-snippet:-1, max-image-preview:large, max-video-preview:-1\" \/>\n<link rel=\"canonical\" href=\"https:\/\/caurette.com\/en\/politique-de-confidentialite\/\" \/>\n<meta property=\"og:locale\" content=\"en_US\" \/>\n<meta property=\"og:type\" content=\"article\" \/>\n<meta property=\"og:title\" content=\"Privacy Policy - Editions Caurette\" \/>\n<meta property=\"og:url\" content=\"https:\/\/caurette.com\/en\/politique-de-confidentialite\/\" \/>\n<meta property=\"og:site_name\" content=\"Editions Caurette\" \/>\n<meta property=\"article:publisher\" content=\"https:\/\/www.facebook.com\/editionscaurette\/\" \/>\n<meta property=\"article:modified_time\" content=\"2025-11-27T09:05:45+00:00\" \/>\n<meta name=\"twitter:card\" content=\"summary_large_image\" \/>\n<meta name=\"twitter:label1\" content=\"Est. reading time\" \/>\n\t<meta name=\"twitter:data1\" content=\"13 minutes\" \/>\n<script type=\"application\/ld+json\" class=\"yoast-schema-graph\">{\"@context\":\"https:\/\/schema.org\",\"@graph\":[{\"@type\":\"WebPage\",\"@id\":\"https:\/\/caurette.com\/en\/politique-de-confidentialite\/\",\"url\":\"https:\/\/caurette.com\/en\/politique-de-confidentialite\/\",\"name\":\"Privacy Policy - Editions Caurette\",\"isPartOf\":{\"@id\":\"https:\/\/caurette.com\/#website\"},\"datePublished\":\"2025-03-05T14:03:33+00:00\",\"dateModified\":\"2025-11-27T09:05:45+00:00\",\"breadcrumb\":{\"@id\":\"https:\/\/caurette.com\/en\/politique-de-confidentialite\/#breadcrumb\"},\"inLanguage\":\"en-US\",\"potentialAction\":[{\"@type\":\"ReadAction\",\"target\":[\"https:\/\/caurette.com\/en\/politique-de-confidentialite\/\"]}]},{\"@type\":\"BreadcrumbList\",\"@id\":\"https:\/\/caurette.com\/en\/politique-de-confidentialite\/#breadcrumb\",\"itemListElement\":[{\"@type\":\"ListItem\",\"position\":1,\"name\":\"Accueil\",\"item\":\"https:\/\/caurette.com\/en\/home-page\/\"},{\"@type\":\"ListItem\",\"position\":2,\"name\":\"Privacy Policy\"}]},{\"@type\":\"WebSite\",\"@id\":\"https:\/\/caurette.com\/#website\",\"url\":\"https:\/\/caurette.com\/\",\"name\":\"Editions Caurette\",\"description\":\"Artbooks and More\",\"publisher\":{\"@id\":\"https:\/\/caurette.com\/#organization\"},\"potentialAction\":[{\"@type\":\"SearchAction\",\"target\":{\"@type\":\"EntryPoint\",\"urlTemplate\":\"https:\/\/caurette.com\/?s={search_term_string}\"},\"query-input\":\"required name=search_term_string\"}],\"inLanguage\":\"en-US\"},{\"@type\":\"Organization\",\"@id\":\"https:\/\/caurette.com\/#organization\",\"name\":\"Caurette\",\"url\":\"https:\/\/caurette.com\/\",\"logo\":{\"@type\":\"ImageObject\",\"inLanguage\":\"en-US\",\"@id\":\"https:\/\/caurette.com\/#\/schema\/logo\/image\/\",\"url\":\"https:\/\/i0.wp.com\/caurette.com\/wp-content\/uploads\/2020\/04\/Editions-CAURETTE-400px.jpg?fit=400%2C114&ssl=1\",\"contentUrl\":\"https:\/\/i0.wp.com\/caurette.com\/wp-content\/uploads\/2020\/04\/Editions-CAURETTE-400px.jpg?fit=400%2C114&ssl=1\",\"width\":400,\"height\":114,\"caption\":\"Caurette\"},\"image\":{\"@id\":\"https:\/\/caurette.com\/#\/schema\/logo\/image\/\"},\"sameAs\":[\"https:\/\/www.facebook.com\/editionscaurette\/\",\"https:\/\/www.instagram.com\/caurette_editions\/\",\"https:\/\/www.youtube.com\/channel\/UCEh0GFzGyytmiArDqUpJFzA\/featured\"]}]}<\/script>\n<!-- \/ Yoast SEO plugin. -->","yoast_head_json":{"title":"Privacy Policy - Editions Caurette","robots":{"index":"index","follow":"follow","max-snippet":"max-snippet:-1","max-image-preview":"max-image-preview:large","max-video-preview":"max-video-preview:-1"},"canonical":"https:\/\/caurette.com\/en\/politique-de-confidentialite\/","og_locale":"en_US","og_type":"article","og_title":"Privacy Policy - Editions Caurette","og_url":"https:\/\/caurette.com\/en\/politique-de-confidentialite\/","og_site_name":"Editions Caurette","article_publisher":"https:\/\/www.facebook.com\/editionscaurette\/","article_modified_time":"2025-11-27T09:05:45+00:00","twitter_card":"summary_large_image","twitter_misc":{"Est. reading time":"13 minutes"},"schema":{"@context":"https:\/\/schema.org","@graph":[{"@type":"WebPage","@id":"https:\/\/caurette.com\/en\/politique-de-confidentialite\/","url":"https:\/\/caurette.com\/en\/politique-de-confidentialite\/","name":"Privacy Policy - Editions Caurette","isPartOf":{"@id":"https:\/\/caurette.com\/#website"},"datePublished":"2025-03-05T14:03:33+00:00","dateModified":"2025-11-27T09:05:45+00:00","breadcrumb":{"@id":"https:\/\/caurette.com\/en\/politique-de-confidentialite\/#breadcrumb"},"inLanguage":"en-US","potentialAction":[{"@type":"ReadAction","target":["https:\/\/caurette.com\/en\/politique-de-confidentialite\/"]}]},{"@type":"BreadcrumbList","@id":"https:\/\/caurette.com\/en\/politique-de-confidentialite\/#breadcrumb","itemListElement":[{"@type":"ListItem","position":1,"name":"Accueil","item":"https:\/\/caurette.com\/en\/home-page\/"},{"@type":"ListItem","position":2,"name":"Privacy Policy"}]},{"@type":"WebSite","@id":"https:\/\/caurette.com\/#website","url":"https:\/\/caurette.com\/","name":"Editions Caurette","description":"Artbooks and More","publisher":{"@id":"https:\/\/caurette.com\/#organization"},"potentialAction":[{"@type":"SearchAction","target":{"@type":"EntryPoint","urlTemplate":"https:\/\/caurette.com\/?s={search_term_string}"},"query-input":"required name=search_term_string"}],"inLanguage":"en-US"},{"@type":"Organization","@id":"https:\/\/caurette.com\/#organization","name":"Caurette","url":"https:\/\/caurette.com\/","logo":{"@type":"ImageObject","inLanguage":"en-US","@id":"https:\/\/caurette.com\/#\/schema\/logo\/image\/","url":"https:\/\/i0.wp.com\/caurette.com\/wp-content\/uploads\/2020\/04\/Editions-CAURETTE-400px.jpg?fit=400%2C114&ssl=1","contentUrl":"https:\/\/i0.wp.com\/caurette.com\/wp-content\/uploads\/2020\/04\/Editions-CAURETTE-400px.jpg?fit=400%2C114&ssl=1","width":400,"height":114,"caption":"Caurette"},"image":{"@id":"https:\/\/caurette.com\/#\/schema\/logo\/image\/"},"sameAs":["https:\/\/www.facebook.com\/editionscaurette\/","https:\/\/www.instagram.com\/caurette_editions\/","https:\/\/www.youtube.com\/channel\/UCEh0GFzGyytmiArDqUpJFzA\/featured"]}]}},"_links":{"self":[{"href":"https:\/\/caurette.com\/en\/wp-json\/wp\/v2\/pages\/23874","targetHints":{"allow":["GET"]}}],"collection":[{"href":"https:\/\/caurette.com\/en\/wp-json\/wp\/v2\/pages"}],"about":[{"href":"https:\/\/caurette.com\/en\/wp-json\/wp\/v2\/types\/page"}],"author":[{"embeddable":true,"href":"https:\/\/caurette.com\/en\/wp-json\/wp\/v2\/users\/75"}],"replies":[{"embeddable":true,"href":"https:\/\/caurette.com\/en\/wp-json\/wp\/v2\/comments?post=23874"}],"version-history":[{"count":1,"href":"https:\/\/caurette.com\/en\/wp-json\/wp\/v2\/pages\/23874\/revisions"}],"predecessor-version":[{"id":26942,"href":"https:\/\/caurette.com\/en\/wp-json\/wp\/v2\/pages\/23874\/revisions\/26942"}],"wp:attachment":[{"href":"https:\/\/caurette.com\/en\/wp-json\/wp\/v2\/media?parent=23874"}],"curies":[{"name":"wp","href":"https:\/\/api.w.org\/{rel}","templated":true}]}}