{"id":838,"date":"2017-04-10T13:43:19","date_gmt":"2017-04-10T12:43:19","guid":{"rendered":"http:\/\/caurette.com\/libraires\/"},"modified":"2025-11-27T11:11:36","modified_gmt":"2025-11-27T09:11:36","slug":"libraires","status":"publish","type":"page","link":"https:\/\/caurette.com\/en\/how-to-buy-online\/libraires\/","title":{"rendered":"Bookshop Owners"},"content":{"rendered":"<p>Here\u2019s how we work:<\/p>\n<ul>\n<li>The\u00a0<u>Editions Caurette<\/u> (<a href=\"http:\/\/www.caurette.com\">caurette.com<\/a>) publish books under the label \u201cfranco-belge\u201d, either as <strong>Artist\u2019s Editions<\/strong> (Val\u00e9rian \u2013 <em>Les Oiseaux du Ma\u00eetre<\/em> or <em>M\u00e9tro Ch\u00e2telet Direction Cassiop\u00e9e<\/em>, for example), as <strong>Creations<\/strong> (<em>Kiliwatch<\/em>, by Eric H\u00e9renguel) or as <strong>Translations<\/strong> for the foreign marketplaces (<em>Steve McCurry<\/em>, by Kim Jung-Gi)<\/li>\n<li>The <u>Editions SuperAni<\/u>\u00a0publish books from Asian authors, primarily sketchbooks, and their most emblematic representative would be the Korean artist Kim Jung Gi (<a href=\"http:\/\/www.kimjunggi.net\" target=\"_blank\" rel=\"noopener\">kimjunggi.net<\/a>), who&#8217;s renowned for his capacity to draw vast frescos freehand, with no preparatory work.<\/li>\n<li>Finally, we also started an online distribution platform: <a href=\"http:\/\/www.liberdistri.com\/en\/\">LiberDistri.com<\/a>. Its role is to distribute the books previously listed, but also various books that were hard to find through conventional ways because they were published at the author\u2019s expense, they were out of stock, or they were financed through a crowdfunding and then not distributed, etc\u2026 For example, you\u2019ll find on this website various sketchbooks by Claire Wendling, as we are her importers for Europe, as well as rare books from Jeffrey Jones, sold out books from J. Scott Campbell, the series <em>Naturellement<\/em> by Julie M&#8230;.<\/li>\n<\/ul>\n<p>As bookstore owners, you obviously benefit from a privileged access to our distribution platform!<\/p>\n<p>If you\u2019re interested by our books, you can order them <a href=\"mailto:jc@caurette.com\">by email<\/a> or by phone, at this number: 09 52 06 36 04 (or +33 (0)9 52 06 36 04 in case you\u2019re calling from outside of France); a faster way is to create an account on the website and to inform us of it: we will then change your account to \u201c<strong>Bookseller<\/strong>\u201d mode, which will allow you to benefit from discounts and appropriate shipping conditions.<\/p>\n<p>We are also in the databases of Electre and Dilicom, and we mail orders through Chronopost, DPD or Prisme.<\/p>\n<p>Enjoy your visit on <a href=\"http:\/\/www.LiberDistri.com\">LiberDistri<\/a>!<\/p>\n","protected":false},"excerpt":{"rendered":"<p>Here\u2019s how we work: The\u00a0Editions Caurette (caurette.com) publish books under the label \u201cfranco-belge\u201d, either as Artist\u2019s Editions (Val\u00e9rian \u2013 Les Oiseaux du Ma\u00eetre or M\u00e9tro Ch\u00e2telet Direction Cassiop\u00e9e, for example), as Creations (Kiliwatch, by Eric H\u00e9renguel) or as Translations for the foreign marketplaces (Steve McCurry, by Kim Jung-Gi) The Editions SuperAni\u00a0publish books from Asian authors, [&hellip;]<\/p>\n","protected":false},"author":46,"featured_media":0,"parent":869,"menu_order":0,"comment_status":"closed","ping_status":"closed","template":"","meta":{"_exactmetrics_skip_tracking":false,"_exactmetrics_sitenote_active":false,"_exactmetrics_sitenote_note":"","_exactmetrics_sitenote_category":0,"footnotes":"","_links_to":"","_links_to_target":""},"class_list":["post-838","page","type-page","status-publish","hentry"],"yoast_head":"<!-- This site is optimized with the Yoast SEO plugin v23.1 - https:\/\/yoast.com\/wordpress\/plugins\/seo\/ -->\n<title>Bookshop Owners - Editions Caurette<\/title>\n<meta name=\"robots\" content=\"index, follow, max-snippet:-1, max-image-preview:large, max-video-preview:-1\" \/>\n<link rel=\"canonical\" href=\"https:\/\/caurette.com\/en\/how-to-buy-online\/libraires\/\" \/>\n<meta property=\"og:locale\" content=\"en_US\" \/>\n<meta property=\"og:type\" content=\"article\" \/>\n<meta property=\"og:title\" content=\"Bookshop Owners - Editions Caurette\" \/>\n<meta property=\"og:description\" content=\"Here\u2019s how we work: The\u00a0Editions Caurette (caurette.com) publish books under the label \u201cfranco-belge\u201d, either as Artist\u2019s Editions (Val\u00e9rian \u2013 Les Oiseaux du Ma\u00eetre or M\u00e9tro Ch\u00e2telet Direction Cassiop\u00e9e, for example), as Creations (Kiliwatch, by Eric H\u00e9renguel) or as Translations for the foreign marketplaces (Steve McCurry, by Kim Jung-Gi) The Editions SuperAni\u00a0publish books from Asian authors, [&hellip;]\" \/>\n<meta property=\"og:url\" content=\"https:\/\/caurette.com\/en\/how-to-buy-online\/libraires\/\" \/>\n<meta property=\"og:site_name\" content=\"Editions Caurette\" \/>\n<meta property=\"article:publisher\" content=\"https:\/\/www.facebook.com\/editionscaurette\/\" \/>\n<meta property=\"article:modified_time\" content=\"2025-11-27T09:11:36+00:00\" \/>\n<meta name=\"twitter:card\" content=\"summary_large_image\" \/>\n<meta name=\"twitter:label1\" content=\"Est. reading time\" \/>\n\t<meta name=\"twitter:data1\" content=\"1 minute\" \/>\n<script type=\"application\/ld+json\" class=\"yoast-schema-graph\">{\"@context\":\"https:\/\/schema.org\",\"@graph\":[{\"@type\":\"WebPage\",\"@id\":\"https:\/\/caurette.com\/en\/how-to-buy-online\/libraires\/\",\"url\":\"https:\/\/caurette.com\/en\/how-to-buy-online\/libraires\/\",\"name\":\"Bookshop Owners - Editions Caurette\",\"isPartOf\":{\"@id\":\"https:\/\/caurette.com\/#website\"},\"datePublished\":\"2017-04-10T12:43:19+00:00\",\"dateModified\":\"2025-11-27T09:11:36+00:00\",\"breadcrumb\":{\"@id\":\"https:\/\/caurette.com\/en\/how-to-buy-online\/libraires\/#breadcrumb\"},\"inLanguage\":\"en-US\",\"potentialAction\":[{\"@type\":\"ReadAction\",\"target\":[\"https:\/\/caurette.com\/en\/how-to-buy-online\/libraires\/\"]}]},{\"@type\":\"BreadcrumbList\",\"@id\":\"https:\/\/caurette.com\/en\/how-to-buy-online\/libraires\/#breadcrumb\",\"itemListElement\":[{\"@type\":\"ListItem\",\"position\":1,\"name\":\"Accueil\",\"item\":\"https:\/\/caurette.com\/en\/home-page\/\"},{\"@type\":\"ListItem\",\"position\":2,\"name\":\"How to buy online\",\"item\":\"https:\/\/caurette.com\/en\/how-to-buy-online\/\"},{\"@type\":\"ListItem\",\"position\":3,\"name\":\"Bookshop Owners\"}]},{\"@type\":\"WebSite\",\"@id\":\"https:\/\/caurette.com\/#website\",\"url\":\"https:\/\/caurette.com\/\",\"name\":\"Editions Caurette\",\"description\":\"Artbooks and More\",\"publisher\":{\"@id\":\"https:\/\/caurette.com\/#organization\"},\"potentialAction\":[{\"@type\":\"SearchAction\",\"target\":{\"@type\":\"EntryPoint\",\"urlTemplate\":\"https:\/\/caurette.com\/?s={search_term_string}\"},\"query-input\":\"required name=search_term_string\"}],\"inLanguage\":\"en-US\"},{\"@type\":\"Organization\",\"@id\":\"https:\/\/caurette.com\/#organization\",\"name\":\"Caurette\",\"url\":\"https:\/\/caurette.com\/\",\"logo\":{\"@type\":\"ImageObject\",\"inLanguage\":\"en-US\",\"@id\":\"https:\/\/caurette.com\/#\/schema\/logo\/image\/\",\"url\":\"https:\/\/i0.wp.com\/caurette.com\/wp-content\/uploads\/2020\/04\/Editions-CAURETTE-400px.jpg?fit=400%2C114&ssl=1\",\"contentUrl\":\"https:\/\/i0.wp.com\/caurette.com\/wp-content\/uploads\/2020\/04\/Editions-CAURETTE-400px.jpg?fit=400%2C114&ssl=1\",\"width\":400,\"height\":114,\"caption\":\"Caurette\"},\"image\":{\"@id\":\"https:\/\/caurette.com\/#\/schema\/logo\/image\/\"},\"sameAs\":[\"https:\/\/www.facebook.com\/editionscaurette\/\",\"https:\/\/www.instagram.com\/caurette_editions\/\",\"https:\/\/www.youtube.com\/channel\/UCEh0GFzGyytmiArDqUpJFzA\/featured\"]}]}<\/script>\n<!-- \/ Yoast SEO plugin. -->","yoast_head_json":{"title":"Bookshop Owners - Editions Caurette","robots":{"index":"index","follow":"follow","max-snippet":"max-snippet:-1","max-image-preview":"max-image-preview:large","max-video-preview":"max-video-preview:-1"},"canonical":"https:\/\/caurette.com\/en\/how-to-buy-online\/libraires\/","og_locale":"en_US","og_type":"article","og_title":"Bookshop Owners - Editions Caurette","og_description":"Here\u2019s how we work: The\u00a0Editions Caurette (caurette.com) publish books under the label \u201cfranco-belge\u201d, either as Artist\u2019s Editions (Val\u00e9rian \u2013 Les Oiseaux du Ma\u00eetre or M\u00e9tro Ch\u00e2telet Direction Cassiop\u00e9e, for example), as Creations (Kiliwatch, by Eric H\u00e9renguel) or as Translations for the foreign marketplaces (Steve McCurry, by Kim Jung-Gi) The Editions SuperAni\u00a0publish books from Asian authors, [&hellip;]","og_url":"https:\/\/caurette.com\/en\/how-to-buy-online\/libraires\/","og_site_name":"Editions Caurette","article_publisher":"https:\/\/www.facebook.com\/editionscaurette\/","article_modified_time":"2025-11-27T09:11:36+00:00","twitter_card":"summary_large_image","twitter_misc":{"Est. reading time":"1 minute"},"schema":{"@context":"https:\/\/schema.org","@graph":[{"@type":"WebPage","@id":"https:\/\/caurette.com\/en\/how-to-buy-online\/libraires\/","url":"https:\/\/caurette.com\/en\/how-to-buy-online\/libraires\/","name":"Bookshop Owners - Editions Caurette","isPartOf":{"@id":"https:\/\/caurette.com\/#website"},"datePublished":"2017-04-10T12:43:19+00:00","dateModified":"2025-11-27T09:11:36+00:00","breadcrumb":{"@id":"https:\/\/caurette.com\/en\/how-to-buy-online\/libraires\/#breadcrumb"},"inLanguage":"en-US","potentialAction":[{"@type":"ReadAction","target":["https:\/\/caurette.com\/en\/how-to-buy-online\/libraires\/"]}]},{"@type":"BreadcrumbList","@id":"https:\/\/caurette.com\/en\/how-to-buy-online\/libraires\/#breadcrumb","itemListElement":[{"@type":"ListItem","position":1,"name":"Accueil","item":"https:\/\/caurette.com\/en\/home-page\/"},{"@type":"ListItem","position":2,"name":"How to buy online","item":"https:\/\/caurette.com\/en\/how-to-buy-online\/"},{"@type":"ListItem","position":3,"name":"Bookshop Owners"}]},{"@type":"WebSite","@id":"https:\/\/caurette.com\/#website","url":"https:\/\/caurette.com\/","name":"Editions Caurette","description":"Artbooks and More","publisher":{"@id":"https:\/\/caurette.com\/#organization"},"potentialAction":[{"@type":"SearchAction","target":{"@type":"EntryPoint","urlTemplate":"https:\/\/caurette.com\/?s={search_term_string}"},"query-input":"required name=search_term_string"}],"inLanguage":"en-US"},{"@type":"Organization","@id":"https:\/\/caurette.com\/#organization","name":"Caurette","url":"https:\/\/caurette.com\/","logo":{"@type":"ImageObject","inLanguage":"en-US","@id":"https:\/\/caurette.com\/#\/schema\/logo\/image\/","url":"https:\/\/i0.wp.com\/caurette.com\/wp-content\/uploads\/2020\/04\/Editions-CAURETTE-400px.jpg?fit=400%2C114&ssl=1","contentUrl":"https:\/\/i0.wp.com\/caurette.com\/wp-content\/uploads\/2020\/04\/Editions-CAURETTE-400px.jpg?fit=400%2C114&ssl=1","width":400,"height":114,"caption":"Caurette"},"image":{"@id":"https:\/\/caurette.com\/#\/schema\/logo\/image\/"},"sameAs":["https:\/\/www.facebook.com\/editionscaurette\/","https:\/\/www.instagram.com\/caurette_editions\/","https:\/\/www.youtube.com\/channel\/UCEh0GFzGyytmiArDqUpJFzA\/featured"]}]}},"_links":{"self":[{"href":"https:\/\/caurette.com\/en\/wp-json\/wp\/v2\/pages\/838","targetHints":{"allow":["GET"]}}],"collection":[{"href":"https:\/\/caurette.com\/en\/wp-json\/wp\/v2\/pages"}],"about":[{"href":"https:\/\/caurette.com\/en\/wp-json\/wp\/v2\/types\/page"}],"author":[{"embeddable":true,"href":"https:\/\/caurette.com\/en\/wp-json\/wp\/v2\/users\/46"}],"replies":[{"embeddable":true,"href":"https:\/\/caurette.com\/en\/wp-json\/wp\/v2\/comments?post=838"}],"version-history":[{"count":1,"href":"https:\/\/caurette.com\/en\/wp-json\/wp\/v2\/pages\/838\/revisions"}],"predecessor-version":[{"id":27326,"href":"https:\/\/caurette.com\/en\/wp-json\/wp\/v2\/pages\/838\/revisions\/27326"}],"up":[{"embeddable":true,"href":"https:\/\/caurette.com\/en\/wp-json\/wp\/v2\/pages\/869"}],"wp:attachment":[{"href":"https:\/\/caurette.com\/en\/wp-json\/wp\/v2\/media?parent=838"}],"curies":[{"name":"wp","href":"https:\/\/api.w.org\/{rel}","templated":true}]}}