{"id":867,"date":"2018-03-20T16:25:59","date_gmt":"2018-03-20T15:25:59","guid":{"rendered":"http:\/\/caurette.com\/private-buyers\/"},"modified":"2025-11-27T11:11:33","modified_gmt":"2025-11-27T09:11:33","slug":"end_readers","status":"publish","type":"page","link":"https:\/\/caurette.com\/en\/how-to-buy-online\/end_readers\/","title":{"rendered":"End-Readers"},"content":{"rendered":"<div class=\"fusion-fullwidth fullwidth-box fusion-builder-row-1 fusion-flex-container hundred-percent-fullwidth non-hundred-percent-height-scrolling\" style=\"--awb-border-radius-top-left:0px;--awb-border-radius-top-right:0px;--awb-border-radius-bottom-right:0px;--awb-border-radius-bottom-left:0px;--awb-overflow:visible;--awb-flex-wrap:wrap;\" ><div class=\"fusion-builder-row fusion-row fusion-flex-align-items-flex-start fusion-flex-content-wrap\" style=\"width:calc( 100% + 0px ) !important;max-width:calc( 100% + 0px ) !important;margin-left: calc(-0px \/ 2 );margin-right: calc(-0px \/ 2 );\"><div class=\"fusion-layout-column fusion_builder_column fusion-builder-column-0 fusion_builder_column_1_1 1_1 fusion-flex-column fusion-flex-align-self-flex-start fusion-column-no-min-height\" style=\"--awb-bg-size:cover;--awb-width-large:100%;--awb-margin-top-large:0px;--awb-spacing-right-large:0px;--awb-margin-bottom-large:0px;--awb-spacing-left-large:0px;--awb-width-medium:100%;--awb-spacing-right-medium:0px;--awb-spacing-left-medium:0px;--awb-width-small:100%;--awb-spacing-right-small:0px;--awb-spacing-left-small:0px;\"><div class=\"fusion-column-wrapper fusion-flex-justify-content-flex-start fusion-content-layout-column\"><div class=\"fusion-text fusion-text-1\"><p>In order to make ordering easier, we created our own online platform: <a href=\"http:\/\/www.liberdistri.com\/en\/\">LiberDistri<\/a> !<\/p>\n<p>This website gathers ALL the books from Editions Caurette, as well as the books that we\u2019re delighted to distribute for the Editions SuperAni (from Korea), the Editions Terremoto (from France), the Editions Stuart NG (from the U.S.A.), etc<\/p>\n<p>You will find there:<\/p>\n<ul>\n<li><a href=\"http:\/\/www.liberdistri.com\/en\/13-artist-s-editions\" target=\"_blank\" rel=\"noopener\">Our Artist&#8217;s Editions<\/a><\/li>\n<li>The great\u00a0<a href=\"http:\/\/www.liberdistri.com\/en\/18-kim-jung-gi\" target=\"_blank\" rel=\"noopener\">Kim Jung Gi <\/a>(all his sketchbooks, ex-libris, stickers, prints\u2026)<\/li>\n<li><a href=\"http:\/\/www.liberdistri.com\/en\/32-claire-wendling\" target=\"_blank\" rel=\"noopener\">Claire Wendling<\/a><\/li>\n<li><a href=\"http:\/\/www.liberdistri.com\/en\/31-jeffrey-jones\" target=\"_blank\" rel=\"noopener\">Jeffrey Jones<\/a><\/li>\n<li><a href=\"http:\/\/www.liberdistri.com\/en\/27-eric-herenguel\">Eric Herenguel<\/a><\/li>\n<li><a href=\"http:\/\/www.liberdistri.com\/en\/36-jae-kwang-park\" target=\"_blank\" rel=\"noopener\">Jaekwang Park<\/a><\/li>\n<li><a href=\"http:\/\/www.liberdistri.com\/en\/48-karl-kopinski\">Karl Kopinski<\/a><\/li>\n<li><a href=\"http:\/\/www.liberdistri.com\/en\/30-julie-m\" target=\"_blank\" rel=\"noopener\">Julie M.<\/a><\/li>\n<li><a href=\"http:\/\/www.liberdistri.com\/en\/47-armel-gaulme\">Armel Gaulme<\/a><\/li>\n<li><a href=\"http:\/\/www.liberdistri.com\/en\/33-j-scott-campbell\" target=\"_blank\" rel=\"noopener\">Scott Campbell<\/a><\/li>\n<li><a href=\"http:\/\/www.liberdistri.com\/en\/35-malcom-t-liepke\" target=\"_blank\" rel=\"noopener\">Malcom T. Liepke<\/a><\/li>\n<li>&#8230; And many others!<\/li>\n<\/ul>\n<p><strong>See you soon on <a href=\"http:\/\/www.LIBERDISTRI.com\">www.LIBERDISTRI.com<\/a><\/strong><\/p>\n<\/div><\/div><\/div><div class=\"fusion-layout-column fusion_builder_column fusion-builder-column-1 fusion_builder_column_1_1 1_1 fusion-flex-column\" style=\"--awb-bg-size:cover;--awb-width-large:100%;--awb-margin-top-large:0px;--awb-spacing-right-large:0px;--awb-margin-bottom-large:20px;--awb-spacing-left-large:0px;--awb-width-medium:100%;--awb-spacing-right-medium:0px;--awb-spacing-left-medium:0px;--awb-width-small:100%;--awb-spacing-right-small:0px;--awb-spacing-left-small:0px;\"><div class=\"fusion-column-wrapper fusion-flex-justify-content-flex-start fusion-content-layout-column\"><div class=\"fusion-image-carousel fusion-image-carousel-auto fusion-image-carousel-1 lightbox-enabled fusion-carousel-border\"><div class=\"awb-carousel awb-swiper awb-swiper-carousel\" data-autoplay=\"no\" data-columns=\"5\" data-itemmargin=\"13\" data-itemwidth=\"180\" data-touchscroll=\"no\" data-imagesize=\"auto\"><div class=\"swiper-wrapper awb-image-carousel-wrapper fusion-flex-align-items-center\"><div class=\"swiper-slide\"><div class=\"fusion-carousel-item-wrapper\"><div class=\"fusion-image-wrapper hover-type-zoomin\"><a data-rel=\"iLightbox[image_carousel_1]\" href=\"http:\/\/www.liberdistri.com\/fr\/32-claire-wendling\" target=\"_self\"><img decoding=\"async\" src=\"http:\/\/caurette.com\/wp-content\/uploads\/2017\/03\/ForgetMeNot_cover-JC1-Copy_resize-530x800.jpg\" alt=\"\"\/><\/a><\/div><\/div><\/div><div class=\"swiper-slide\"><div class=\"fusion-carousel-item-wrapper\"><div class=\"fusion-image-wrapper hover-type-zoomin\"><a data-rel=\"iLightbox[image_carousel_1]\" href=\"http:\/\/www.liberdistri.com\/fr\/31-jeffrey-jones\" target=\"_self\"><img decoding=\"async\" src=\"http:\/\/caurette.com\/wp-content\/uploads\/2017\/03\/37519_Cvr.jpg\" alt=\"\"\/><\/a><\/div><\/div><\/div><div class=\"swiper-slide\"><div class=\"fusion-carousel-item-wrapper\"><div class=\"fusion-image-wrapper hover-type-zoomin\"><a data-rel=\"iLightbox[image_carousel_1]\" href=\"http:\/\/www.liberdistri.com\/fr\/27-eric-herenguel\" target=\"_self\"><img decoding=\"async\" src=\"http:\/\/caurette.com\/wp-content\/uploads\/2016\/10\/kili_06-571x800.jpg\" alt=\"\"\/><\/a><\/div><\/div><\/div><div class=\"swiper-slide\"><div class=\"fusion-carousel-item-wrapper\"><div class=\"fusion-image-wrapper hover-type-zoomin\"><a data-rel=\"iLightbox[image_carousel_1]\" href=\"http:\/\/www.liberdistri.com\/fr\/35-malcom-t-liepke\" target=\"_self\"><img decoding=\"async\" src=\"http:\/\/caurette.com\/wp-content\/uploads\/2017\/03\/22050_new.jpg\" alt=\"\"\/><\/a><\/div><\/div><\/div><div class=\"swiper-slide\"><div class=\"fusion-carousel-item-wrapper\"><div class=\"fusion-image-wrapper hover-type-zoomin\"><a data-rel=\"iLightbox[image_carousel_1]\" href=\"http:\/\/www.liberdistri.com\/fr\/36-jae-kwang-park\" target=\"_self\"><img decoding=\"async\" src=\"http:\/\/caurette.com\/wp-content\/uploads\/2017\/03\/salmon-cover-584x800.jpg\" alt=\"\"\/><\/a><\/div><\/div><\/div><div class=\"swiper-slide\"><div class=\"fusion-carousel-item-wrapper\"><div class=\"fusion-image-wrapper hover-type-zoomin\"><a data-rel=\"iLightbox[image_carousel_1]\" href=\"http:\/\/www.liberdistri.com\/fr\/33-j-scott-campbell\" target=\"_self\"><img decoding=\"async\" src=\"http:\/\/caurette.com\/wp-content\/uploads\/2017\/03\/campbell_marvelous_art_cvr.jpg\" alt=\"\"\/><\/a><\/div><\/div><\/div><div class=\"swiper-slide\"><div class=\"fusion-carousel-item-wrapper\"><div class=\"fusion-image-wrapper hover-type-zoomin\"><a data-rel=\"iLightbox[image_carousel_1]\" href=\"http:\/\/www.liberdistri.com\/fr\/30-julie-m\" target=\"_self\"><img decoding=\"async\" src=\"http:\/\/caurette.com\/wp-content\/uploads\/2017\/03\/NAT-T1-72dpi-544x800.jpg\" alt=\"\"\/><\/a><\/div><\/div><\/div><div class=\"swiper-slide\"><div class=\"fusion-carousel-item-wrapper\"><div class=\"fusion-image-wrapper hover-type-zoomin\"><a data-rel=\"iLightbox[image_carousel_1]\" href=\"http:\/\/www.liberdistri.com\/fr\/18-kim-jung-gi\" target=\"_self\"><img decoding=\"async\" src=\"http:\/\/caurette.com\/wp-content\/uploads\/2017\/03\/omphalosfrontsmall-594x800.png\" alt=\"\"\/><\/a><\/div><\/div><\/div><div class=\"swiper-slide\"><div class=\"fusion-carousel-item-wrapper\"><div class=\"fusion-image-wrapper hover-type-zoomin\"><a data-rel=\"iLightbox[image_carousel_1]\" href=\"http:\/\/www.liberdistri.com\/fr\/27-eric-herenguel\" target=\"_self\"><img decoding=\"async\" src=\"http:\/\/caurette.com\/wp-content\/uploads\/2017\/02\/Kili-JulenRibas-1-573x800.jpg\" alt=\"\"\/><\/a><\/div><\/div><\/div><div class=\"swiper-slide\"><div class=\"fusion-carousel-item-wrapper\"><div class=\"fusion-image-wrapper hover-type-zoomin\"><a data-rel=\"iLightbox[image_carousel_1]\" href=\"http:\/\/www.liberdistri.com\/fr\/27-eric-herenguel\" target=\"_self\"><img decoding=\"async\" src=\"http:\/\/caurette.com\/wp-content\/uploads\/2016\/10\/Kiliwatch-Couverture-d\u00e9finitive-700-x-1000-px-564x800.jpg\" alt=\"\"\/><\/a><\/div><\/div><\/div><div class=\"swiper-slide\"><div class=\"fusion-carousel-item-wrapper\"><div class=\"fusion-image-wrapper hover-type-zoomin\"><a data-rel=\"iLightbox[image_carousel_1]\" href=\"http:\/\/www.liberdistri.com\/fr\/18-kim-jung-gi\" target=\"_self\"><img decoding=\"async\" src=\"http:\/\/caurette.com\/wp-content\/uploads\/2017\/03\/2016-LE-082-Copy_resize.png\" alt=\"\"\/><\/a><\/div><\/div><\/div><div class=\"swiper-slide\"><div class=\"fusion-carousel-item-wrapper\"><div class=\"fusion-image-wrapper hover-type-zoomin\"><a data-rel=\"iLightbox[image_carousel_1]\" href=\"http:\/\/www.liberdistri.com\/fr\/39-mezieres-et-christin\" target=\"_self\"><img decoding=\"async\" src=\"http:\/\/caurette.com\/wp-content\/uploads\/2017\/04\/Couve-Album-Oiseaux-du-Maitre-M\u00e9zi\u00e8res-Christin-Val\u00e9rian-Editions-Caurette-605x800.jpg\" alt=\"\"\/><\/a><\/div><\/div><\/div><\/div><div class=\"awb-swiper-button awb-swiper-button-prev\"><i class=\"awb-icon-angle-left\" aria-hidden=\"true\"><\/i><\/div><div class=\"awb-swiper-button awb-swiper-button-next\"><i class=\"awb-icon-angle-right\" aria-hidden=\"true\"><\/i><\/div><\/div><\/div><\/div><\/div><\/div><\/div>\n","protected":false},"excerpt":{"rendered":"","protected":false},"author":46,"featured_media":0,"parent":869,"menu_order":0,"comment_status":"closed","ping_status":"closed","template":"","meta":{"_exactmetrics_skip_tracking":false,"_exactmetrics_sitenote_active":false,"_exactmetrics_sitenote_note":"","_exactmetrics_sitenote_category":0,"footnotes":"","_links_to":"","_links_to_target":""},"class_list":["post-867","page","type-page","status-publish","hentry"],"yoast_head":"<!-- This site is optimized with the Yoast SEO plugin v23.1 - https:\/\/yoast.com\/wordpress\/plugins\/seo\/ -->\n<title>End-Readers - Editions Caurette<\/title>\n<meta name=\"robots\" content=\"index, follow, max-snippet:-1, max-image-preview:large, max-video-preview:-1\" \/>\n<link rel=\"canonical\" href=\"https:\/\/caurette.com\/en\/how-to-buy-online\/end_readers\/\" \/>\n<meta property=\"og:locale\" content=\"en_US\" \/>\n<meta property=\"og:type\" content=\"article\" \/>\n<meta property=\"og:title\" content=\"End-Readers - Editions Caurette\" \/>\n<meta property=\"og:url\" content=\"https:\/\/caurette.com\/en\/how-to-buy-online\/end_readers\/\" \/>\n<meta property=\"og:site_name\" content=\"Editions Caurette\" \/>\n<meta property=\"article:publisher\" content=\"https:\/\/www.facebook.com\/editionscaurette\/\" \/>\n<meta property=\"article:modified_time\" content=\"2025-11-27T09:11:33+00:00\" \/>\n<meta name=\"twitter:card\" content=\"summary_large_image\" \/>\n<meta name=\"twitter:label1\" content=\"Est. reading time\" \/>\n\t<meta name=\"twitter:data1\" content=\"3 minutes\" \/>\n<script type=\"application\/ld+json\" class=\"yoast-schema-graph\">{\"@context\":\"https:\/\/schema.org\",\"@graph\":[{\"@type\":\"WebPage\",\"@id\":\"https:\/\/caurette.com\/en\/how-to-buy-online\/end_readers\/\",\"url\":\"https:\/\/caurette.com\/en\/how-to-buy-online\/end_readers\/\",\"name\":\"End-Readers - Editions Caurette\",\"isPartOf\":{\"@id\":\"https:\/\/caurette.com\/#website\"},\"datePublished\":\"2018-03-20T15:25:59+00:00\",\"dateModified\":\"2025-11-27T09:11:33+00:00\",\"breadcrumb\":{\"@id\":\"https:\/\/caurette.com\/en\/how-to-buy-online\/end_readers\/#breadcrumb\"},\"inLanguage\":\"en-US\",\"potentialAction\":[{\"@type\":\"ReadAction\",\"target\":[\"https:\/\/caurette.com\/en\/how-to-buy-online\/end_readers\/\"]}]},{\"@type\":\"BreadcrumbList\",\"@id\":\"https:\/\/caurette.com\/en\/how-to-buy-online\/end_readers\/#breadcrumb\",\"itemListElement\":[{\"@type\":\"ListItem\",\"position\":1,\"name\":\"Accueil\",\"item\":\"https:\/\/caurette.com\/en\/\"},{\"@type\":\"ListItem\",\"position\":2,\"name\":\"How to buy online\",\"item\":\"https:\/\/caurette.com\/en\/how-to-buy-online\/\"},{\"@type\":\"ListItem\",\"position\":3,\"name\":\"End-Readers\"}]},{\"@type\":\"WebSite\",\"@id\":\"https:\/\/caurette.com\/#website\",\"url\":\"https:\/\/caurette.com\/\",\"name\":\"Editions Caurette\",\"description\":\"Artbooks and More\",\"publisher\":{\"@id\":\"https:\/\/caurette.com\/#organization\"},\"potentialAction\":[{\"@type\":\"SearchAction\",\"target\":{\"@type\":\"EntryPoint\",\"urlTemplate\":\"https:\/\/caurette.com\/?s={search_term_string}\"},\"query-input\":\"required name=search_term_string\"}],\"inLanguage\":\"en-US\"},{\"@type\":\"Organization\",\"@id\":\"https:\/\/caurette.com\/#organization\",\"name\":\"Caurette\",\"url\":\"https:\/\/caurette.com\/\",\"logo\":{\"@type\":\"ImageObject\",\"inLanguage\":\"en-US\",\"@id\":\"https:\/\/caurette.com\/#\/schema\/logo\/image\/\",\"url\":\"https:\/\/i0.wp.com\/caurette.com\/wp-content\/uploads\/2020\/04\/Editions-CAURETTE-400px.jpg?fit=400%2C114&ssl=1\",\"contentUrl\":\"https:\/\/i0.wp.com\/caurette.com\/wp-content\/uploads\/2020\/04\/Editions-CAURETTE-400px.jpg?fit=400%2C114&ssl=1\",\"width\":400,\"height\":114,\"caption\":\"Caurette\"},\"image\":{\"@id\":\"https:\/\/caurette.com\/#\/schema\/logo\/image\/\"},\"sameAs\":[\"https:\/\/www.facebook.com\/editionscaurette\/\",\"https:\/\/www.instagram.com\/caurette_editions\/\",\"https:\/\/www.youtube.com\/channel\/UCEh0GFzGyytmiArDqUpJFzA\/featured\"]}]}<\/script>\n<!-- \/ Yoast SEO plugin. -->","yoast_head_json":{"title":"End-Readers - Editions Caurette","robots":{"index":"index","follow":"follow","max-snippet":"max-snippet:-1","max-image-preview":"max-image-preview:large","max-video-preview":"max-video-preview:-1"},"canonical":"https:\/\/caurette.com\/en\/how-to-buy-online\/end_readers\/","og_locale":"en_US","og_type":"article","og_title":"End-Readers - Editions Caurette","og_url":"https:\/\/caurette.com\/en\/how-to-buy-online\/end_readers\/","og_site_name":"Editions Caurette","article_publisher":"https:\/\/www.facebook.com\/editionscaurette\/","article_modified_time":"2025-11-27T09:11:33+00:00","twitter_card":"summary_large_image","twitter_misc":{"Est. reading time":"3 minutes"},"schema":{"@context":"https:\/\/schema.org","@graph":[{"@type":"WebPage","@id":"https:\/\/caurette.com\/en\/how-to-buy-online\/end_readers\/","url":"https:\/\/caurette.com\/en\/how-to-buy-online\/end_readers\/","name":"End-Readers - Editions Caurette","isPartOf":{"@id":"https:\/\/caurette.com\/#website"},"datePublished":"2018-03-20T15:25:59+00:00","dateModified":"2025-11-27T09:11:33+00:00","breadcrumb":{"@id":"https:\/\/caurette.com\/en\/how-to-buy-online\/end_readers\/#breadcrumb"},"inLanguage":"en-US","potentialAction":[{"@type":"ReadAction","target":["https:\/\/caurette.com\/en\/how-to-buy-online\/end_readers\/"]}]},{"@type":"BreadcrumbList","@id":"https:\/\/caurette.com\/en\/how-to-buy-online\/end_readers\/#breadcrumb","itemListElement":[{"@type":"ListItem","position":1,"name":"Accueil","item":"https:\/\/caurette.com\/en\/"},{"@type":"ListItem","position":2,"name":"How to buy online","item":"https:\/\/caurette.com\/en\/how-to-buy-online\/"},{"@type":"ListItem","position":3,"name":"End-Readers"}]},{"@type":"WebSite","@id":"https:\/\/caurette.com\/#website","url":"https:\/\/caurette.com\/","name":"Editions Caurette","description":"Artbooks and More","publisher":{"@id":"https:\/\/caurette.com\/#organization"},"potentialAction":[{"@type":"SearchAction","target":{"@type":"EntryPoint","urlTemplate":"https:\/\/caurette.com\/?s={search_term_string}"},"query-input":"required name=search_term_string"}],"inLanguage":"en-US"},{"@type":"Organization","@id":"https:\/\/caurette.com\/#organization","name":"Caurette","url":"https:\/\/caurette.com\/","logo":{"@type":"ImageObject","inLanguage":"en-US","@id":"https:\/\/caurette.com\/#\/schema\/logo\/image\/","url":"https:\/\/i0.wp.com\/caurette.com\/wp-content\/uploads\/2020\/04\/Editions-CAURETTE-400px.jpg?fit=400%2C114&ssl=1","contentUrl":"https:\/\/i0.wp.com\/caurette.com\/wp-content\/uploads\/2020\/04\/Editions-CAURETTE-400px.jpg?fit=400%2C114&ssl=1","width":400,"height":114,"caption":"Caurette"},"image":{"@id":"https:\/\/caurette.com\/#\/schema\/logo\/image\/"},"sameAs":["https:\/\/www.facebook.com\/editionscaurette\/","https:\/\/www.instagram.com\/caurette_editions\/","https:\/\/www.youtube.com\/channel\/UCEh0GFzGyytmiArDqUpJFzA\/featured"]}]}},"_links":{"self":[{"href":"https:\/\/caurette.com\/en\/wp-json\/wp\/v2\/pages\/867","targetHints":{"allow":["GET"]}}],"collection":[{"href":"https:\/\/caurette.com\/en\/wp-json\/wp\/v2\/pages"}],"about":[{"href":"https:\/\/caurette.com\/en\/wp-json\/wp\/v2\/types\/page"}],"author":[{"embeddable":true,"href":"https:\/\/caurette.com\/en\/wp-json\/wp\/v2\/users\/46"}],"replies":[{"embeddable":true,"href":"https:\/\/caurette.com\/en\/wp-json\/wp\/v2\/comments?post=867"}],"version-history":[{"count":1,"href":"https:\/\/caurette.com\/en\/wp-json\/wp\/v2\/pages\/867\/revisions"}],"predecessor-version":[{"id":27320,"href":"https:\/\/caurette.com\/en\/wp-json\/wp\/v2\/pages\/867\/revisions\/27320"}],"up":[{"embeddable":true,"href":"https:\/\/caurette.com\/en\/wp-json\/wp\/v2\/pages\/869"}],"wp:attachment":[{"href":"https:\/\/caurette.com\/en\/wp-json\/wp\/v2\/media?parent=867"}],"curies":[{"name":"wp","href":"https:\/\/api.w.org\/{rel}","templated":true}]}}